{"id":10297,"date":"2024-05-07T16:04:55","date_gmt":"2024-05-07T14:04:55","guid":{"rendered":"https:\/\/acstyria.com\/?page_id=10297"},"modified":"2024-05-08T08:14:11","modified_gmt":"2024-05-08T06:14:11","slug":"acstyria_techreport_digitalisierung-und-digitale-geschaeftsmodelle","status":"publish","type":"page","link":"https:\/\/acstyria.com\/en\/acstyria_techreport_digitalisierung-und-digitale-geschaeftsmodelle\/","title":{"rendered":"Digitalization and digital business models"},"content":{"rendered":"<div data-elementor-type=\"wp-page\" data-elementor-id=\"10297\" class=\"elementor elementor-10297\">\n\t\t\t\t\t\t<section class=\"elementor-section elementor-top-section elementor-element elementor-element-fe1e5fd elementor-section-boxed elementor-section-height-default elementor-section-height-default\" data-id=\"fe1e5fd\" data-element_type=\"section\" data-e-type=\"section\" data-settings=\"{&quot;jet_parallax_layout_list&quot;:[]}\">\n\t\t\t\t\t\t<div class=\"elementor-container elementor-column-gap-default\">\n\t\t\t\t\t<div class=\"elementor-column elementor-col-100 elementor-top-column elementor-element elementor-element-f946a5d\" data-id=\"f946a5d\" data-element_type=\"column\" data-e-type=\"column\">\n\t\t\t<div class=\"elementor-widget-wrap elementor-element-populated\">\n\t\t\t\t\t\t<div class=\"elementor-element elementor-element-2a8cb11 elementor-widget elementor-widget-image\" data-id=\"2a8cb11\" data-element_type=\"widget\" data-e-type=\"widget\" data-widget_type=\"image.default\">\n\t\t\t\t<div class=\"elementor-widget-container\">\n\t\t\t\t\t\t\t\t\t\t\t\t\t\t\t<img fetchpriority=\"high\" decoding=\"async\" width=\"1920\" height=\"1080\" src=\"https:\/\/acstyria.com\/wp-content\/uploads\/DIGITAL_.jpg\" class=\"attachment-kava-thumb-xl size-kava-thumb-xl wp-image-10306\" alt=\"\" srcset=\"https:\/\/acstyria.com\/wp-content\/uploads\/DIGITAL_.jpg 1920w, https:\/\/acstyria.com\/wp-content\/uploads\/DIGITAL_-300x169.jpg 300w, https:\/\/acstyria.com\/wp-content\/uploads\/DIGITAL_-1024x576.jpg 1024w, https:\/\/acstyria.com\/wp-content\/uploads\/DIGITAL_-768x432.jpg 768w, https:\/\/acstyria.com\/wp-content\/uploads\/DIGITAL_-1536x864.jpg 1536w, https:\/\/acstyria.com\/wp-content\/uploads\/DIGITAL_-18x10.jpg 18w, https:\/\/acstyria.com\/wp-content\/uploads\/DIGITAL_-150x85.jpg 150w, https:\/\/acstyria.com\/wp-content\/uploads\/DIGITAL_-600x338.jpg 600w\" sizes=\"(max-width: 1920px) 100vw, 1920px\" \/>\t\t\t\t\t\t\t\t\t\t\t\t\t\t\t<\/div>\n\t\t\t\t<\/div>\n\t\t\t\t<div class=\"elementor-element elementor-element-857e860 elementor-widget elementor-widget-heading\" data-id=\"857e860\" data-element_type=\"widget\" data-e-type=\"widget\" data-widget_type=\"heading.default\">\n\t\t\t\t<div class=\"elementor-widget-container\">\n\t\t\t\t\t<h2 class=\"elementor-heading-title elementor-size-default\">Hier finden Sie den neuen ACstyria Technologie-Report:<\/h2>\t\t\t\t<\/div>\n\t\t\t\t<\/div>\n\t\t\t\t<div class=\"elementor-element elementor-element-107c879 elementor-widget elementor-widget-text-editor\" data-id=\"107c879\" data-element_type=\"widget\" data-e-type=\"widget\" data-widget_type=\"text-editor.default\">\n\t\t\t\t<div class=\"elementor-widget-container\">\n\t\t\t\t\t\t\t\t\t<h4><strong>DIGITALISIERUNG UND DIGITALE GESCH\u00c4FTSMODELLE<\/strong><\/h4>\t\t\t\t\t\t\t\t<\/div>\n\t\t\t\t<\/div>\n\t\t\t\t<div class=\"elementor-element elementor-element-e5c9a28 elementor-widget elementor-widget-text-editor\" data-id=\"e5c9a28\" data-element_type=\"widget\" data-e-type=\"widget\" data-widget_type=\"text-editor.default\">\n\t\t\t\t<div class=\"elementor-widget-container\">\n\t\t\t\t\t\t\t\t\t<p><strong>Das Team des ACstyria w\u00fcnscht Ihnen viel Spa\u00df beim Lesen!<\/strong><\/p>\t\t\t\t\t\t\t\t<\/div>\n\t\t\t\t<\/div>\n\t\t\t\t\t<\/div>\n\t\t<\/div>\n\t\t\t\t\t<\/div>\n\t\t<\/section>\n\t\t\t\t<\/div>","protected":false},"excerpt":{"rendered":"<p>Hier finden Sie den neuen ACstyria Technologie-Report: DIGITALISIERUNG UND DIGITALE GESCH\u00c4FTSMODELLE Das Team des ACstyria w\u00fcnscht Ihnen viel Spa\u00df beim Lesen!<\/p>","protected":false},"author":3,"featured_media":0,"parent":0,"menu_order":0,"comment_status":"closed","ping_status":"closed","template":"","meta":{"footnotes":""},"class_list":["post-10297","page","type-page","status-publish","hentry"],"_links":{"self":[{"href":"https:\/\/acstyria.com\/en\/wp-json\/wp\/v2\/pages\/10297","targetHints":{"allow":["GET"]}}],"collection":[{"href":"https:\/\/acstyria.com\/en\/wp-json\/wp\/v2\/pages"}],"about":[{"href":"https:\/\/acstyria.com\/en\/wp-json\/wp\/v2\/types\/page"}],"author":[{"embeddable":true,"href":"https:\/\/acstyria.com\/en\/wp-json\/wp\/v2\/users\/3"}],"replies":[{"embeddable":true,"href":"https:\/\/acstyria.com\/en\/wp-json\/wp\/v2\/comments?post=10297"}],"version-history":[{"count":10,"href":"https:\/\/acstyria.com\/en\/wp-json\/wp\/v2\/pages\/10297\/revisions"}],"predecessor-version":[{"id":10330,"href":"https:\/\/acstyria.com\/en\/wp-json\/wp\/v2\/pages\/10297\/revisions\/10330"}],"wp:attachment":[{"href":"https:\/\/acstyria.com\/en\/wp-json\/wp\/v2\/media?parent=10297"}],"curies":[{"name":"wp","href":"https:\/\/api.w.org\/{rel}","templated":true}]}}