{"id":1059,"date":"2021-01-12T23:41:50","date_gmt":"2021-01-12T22:41:50","guid":{"rendered":"https:\/\/acstyria.at\/?page_id=1059"},"modified":"2023-05-22T13:58:59","modified_gmt":"2023-05-22T11:58:59","slug":"internationale-netzwerkplattform","status":"publish","type":"page","link":"https:\/\/acstyria.com\/en\/rollenbilder\/internationale-netzwerkplattform\/","title":{"rendered":"International networking platform"},"content":{"rendered":"\t\t<div data-elementor-type=\"wp-page\" data-elementor-id=\"1059\" class=\"elementor elementor-1059\">\n\t\t\t\t\t\t<section class=\"elementor-section elementor-top-section elementor-element elementor-element-ab49ab3 elementor-section-full_width elementor-section-height-min-height elementor-section-height-default elementor-section-items-middle\" data-id=\"ab49ab3\" data-element_type=\"section\" data-e-type=\"section\" data-settings=\"{&quot;jet_parallax_layout_list&quot;:[{&quot;jet_parallax_layout_image&quot;:{&quot;url&quot;:&quot;&quot;,&quot;id&quot;:&quot;&quot;,&quot;size&quot;:&quot;&quot;},&quot;_id&quot;:&quot;1d8a2a4&quot;,&quot;jet_parallax_layout_image_tablet&quot;:{&quot;url&quot;:&quot;&quot;,&quot;id&quot;:&quot;&quot;,&quot;size&quot;:&quot;&quot;},&quot;jet_parallax_layout_image_mobile&quot;:{&quot;url&quot;:&quot;&quot;,&quot;id&quot;:&quot;&quot;,&quot;size&quot;:&quot;&quot;},&quot;jet_parallax_layout_speed&quot;:{&quot;unit&quot;:&quot;%&quot;,&quot;size&quot;:50,&quot;sizes&quot;:[]},&quot;jet_parallax_layout_type&quot;:&quot;scroll&quot;,&quot;jet_parallax_layout_direction&quot;:&quot;1&quot;,&quot;jet_parallax_layout_fx_direction&quot;:null,&quot;jet_parallax_layout_z_index&quot;:&quot;&quot;,&quot;jet_parallax_layout_bg_x&quot;:50,&quot;jet_parallax_layout_bg_x_tablet&quot;:&quot;&quot;,&quot;jet_parallax_layout_bg_x_mobile&quot;:&quot;&quot;,&quot;jet_parallax_layout_bg_y&quot;:50,&quot;jet_parallax_layout_bg_y_tablet&quot;:&quot;&quot;,&quot;jet_parallax_layout_bg_y_mobile&quot;:&quot;&quot;,&quot;jet_parallax_layout_bg_size&quot;:&quot;auto&quot;,&quot;jet_parallax_layout_bg_size_tablet&quot;:&quot;&quot;,&quot;jet_parallax_layout_bg_size_mobile&quot;:&quot;&quot;,&quot;jet_parallax_layout_animation_prop&quot;:&quot;transform&quot;,&quot;jet_parallax_layout_on&quot;:[&quot;desktop&quot;,&quot;tablet&quot;]}],&quot;background_background&quot;:&quot;classic&quot;}\">\n\t\t\t\t\t\t<div class=\"elementor-container elementor-column-gap-default\">\n\t\t\t\t\t<div class=\"elementor-column elementor-col-100 elementor-top-column elementor-element elementor-element-4f0eaff\" data-id=\"4f0eaff\" data-element_type=\"column\" data-e-type=\"column\">\n\t\t\t<div class=\"elementor-widget-wrap\">\n\t\t\t\t\t\t\t<\/div>\n\t\t<\/div>\n\t\t\t\t\t<\/div>\n\t\t<\/section>\n\t\t\t\t<section class=\"elementor-section elementor-top-section elementor-element elementor-element-b965a9b elementor-section-boxed elementor-section-height-default elementor-section-height-default\" data-id=\"b965a9b\" data-element_type=\"section\" data-e-type=\"section\" data-settings=\"{&quot;jet_parallax_layout_list&quot;:[{&quot;jet_parallax_layout_image&quot;:{&quot;url&quot;:&quot;&quot;,&quot;id&quot;:&quot;&quot;,&quot;size&quot;:&quot;&quot;},&quot;_id&quot;:&quot;3dc8657&quot;,&quot;jet_parallax_layout_image_tablet&quot;:{&quot;url&quot;:&quot;&quot;,&quot;id&quot;:&quot;&quot;,&quot;size&quot;:&quot;&quot;},&quot;jet_parallax_layout_image_mobile&quot;:{&quot;url&quot;:&quot;&quot;,&quot;id&quot;:&quot;&quot;,&quot;size&quot;:&quot;&quot;},&quot;jet_parallax_layout_speed&quot;:{&quot;unit&quot;:&quot;%&quot;,&quot;size&quot;:50,&quot;sizes&quot;:[]},&quot;jet_parallax_layout_type&quot;:&quot;scroll&quot;,&quot;jet_parallax_layout_direction&quot;:&quot;1&quot;,&quot;jet_parallax_layout_fx_direction&quot;:null,&quot;jet_parallax_layout_z_index&quot;:&quot;&quot;,&quot;jet_parallax_layout_bg_x&quot;:50,&quot;jet_parallax_layout_bg_x_tablet&quot;:&quot;&quot;,&quot;jet_parallax_layout_bg_x_mobile&quot;:&quot;&quot;,&quot;jet_parallax_layout_bg_y&quot;:50,&quot;jet_parallax_layout_bg_y_tablet&quot;:&quot;&quot;,&quot;jet_parallax_layout_bg_y_mobile&quot;:&quot;&quot;,&quot;jet_parallax_layout_bg_size&quot;:&quot;auto&quot;,&quot;jet_parallax_layout_bg_size_tablet&quot;:&quot;&quot;,&quot;jet_parallax_layout_bg_size_mobile&quot;:&quot;&quot;,&quot;jet_parallax_layout_animation_prop&quot;:&quot;transform&quot;,&quot;jet_parallax_layout_on&quot;:[&quot;desktop&quot;,&quot;tablet&quot;]}]}\">\n\t\t\t\t\t\t<div class=\"elementor-container elementor-column-gap-default\">\n\t\t\t\t\t<div class=\"elementor-column elementor-col-100 elementor-top-column elementor-element elementor-element-612c9dc\" data-id=\"612c9dc\" data-element_type=\"column\" data-e-type=\"column\">\n\t\t\t<div class=\"elementor-widget-wrap elementor-element-populated\">\n\t\t\t\t\t\t<div class=\"elementor-element elementor-element-e5c3a37 elementor-widget elementor-widget-spacer\" data-id=\"e5c3a37\" data-element_type=\"widget\" data-e-type=\"widget\" data-widget_type=\"spacer.default\">\n\t\t\t\t<div class=\"elementor-widget-container\">\n\t\t\t\t\t\t\t<div class=\"elementor-spacer\">\n\t\t\t<div class=\"elementor-spacer-inner\"><\/div>\n\t\t<\/div>\n\t\t\t\t\t\t<\/div>\n\t\t\t\t<\/div>\n\t\t\t\t<div class=\"elementor-element elementor-element-4036138 elementor-widget elementor-widget-heading\" data-id=\"4036138\" data-element_type=\"widget\" data-e-type=\"widget\" data-widget_type=\"heading.default\">\n\t\t\t\t<div class=\"elementor-widget-container\">\n\t\t\t\t\t<h2 class=\"elementor-heading-title elementor-size-default\">INTERNATIONALE NETZWERKPLATTFORM<\/h2>\t\t\t\t<\/div>\n\t\t\t\t<\/div>\n\t\t\t\t<div class=\"elementor-element elementor-element-d9fb6a2 elementor-widget-divider--view-line elementor-widget elementor-widget-divider\" data-id=\"d9fb6a2\" data-element_type=\"widget\" data-e-type=\"widget\" data-widget_type=\"divider.default\">\n\t\t\t\t<div class=\"elementor-widget-container\">\n\t\t\t\t\t\t\t<div class=\"elementor-divider\">\n\t\t\t<span class=\"elementor-divider-separator\">\n\t\t\t\t\t\t<\/span>\n\t\t<\/div>\n\t\t\t\t\t\t<\/div>\n\t\t\t\t<\/div>\n\t\t\t\t\t<\/div>\n\t\t<\/div>\n\t\t\t\t\t<\/div>\n\t\t<\/section>\n\t\t\t\t<section class=\"elementor-section elementor-top-section elementor-element elementor-element-d958bef elementor-section-boxed elementor-section-height-default elementor-section-height-default\" data-id=\"d958bef\" data-element_type=\"section\" data-e-type=\"section\" data-settings=\"{&quot;jet_parallax_layout_list&quot;:[{&quot;jet_parallax_layout_image&quot;:{&quot;url&quot;:&quot;&quot;,&quot;id&quot;:&quot;&quot;,&quot;size&quot;:&quot;&quot;},&quot;_id&quot;:&quot;7cff79c&quot;,&quot;jet_parallax_layout_image_tablet&quot;:{&quot;url&quot;:&quot;&quot;,&quot;id&quot;:&quot;&quot;,&quot;size&quot;:&quot;&quot;},&quot;jet_parallax_layout_image_mobile&quot;:{&quot;url&quot;:&quot;&quot;,&quot;id&quot;:&quot;&quot;,&quot;size&quot;:&quot;&quot;},&quot;jet_parallax_layout_speed&quot;:{&quot;unit&quot;:&quot;%&quot;,&quot;size&quot;:50,&quot;sizes&quot;:[]},&quot;jet_parallax_layout_type&quot;:&quot;scroll&quot;,&quot;jet_parallax_layout_direction&quot;:&quot;1&quot;,&quot;jet_parallax_layout_fx_direction&quot;:null,&quot;jet_parallax_layout_z_index&quot;:&quot;&quot;,&quot;jet_parallax_layout_bg_x&quot;:50,&quot;jet_parallax_layout_bg_x_tablet&quot;:&quot;&quot;,&quot;jet_parallax_layout_bg_x_mobile&quot;:&quot;&quot;,&quot;jet_parallax_layout_bg_y&quot;:50,&quot;jet_parallax_layout_bg_y_tablet&quot;:&quot;&quot;,&quot;jet_parallax_layout_bg_y_mobile&quot;:&quot;&quot;,&quot;jet_parallax_layout_bg_size&quot;:&quot;auto&quot;,&quot;jet_parallax_layout_bg_size_tablet&quot;:&quot;&quot;,&quot;jet_parallax_layout_bg_size_mobile&quot;:&quot;&quot;,&quot;jet_parallax_layout_animation_prop&quot;:&quot;transform&quot;,&quot;jet_parallax_layout_on&quot;:[&quot;desktop&quot;,&quot;tablet&quot;]}]}\">\n\t\t\t\t\t\t<div class=\"elementor-container elementor-column-gap-default\">\n\t\t\t\t\t<div class=\"elementor-column elementor-col-50 elementor-top-column elementor-element elementor-element-7e9d01b\" data-id=\"7e9d01b\" data-element_type=\"column\" data-e-type=\"column\">\n\t\t\t<div class=\"elementor-widget-wrap elementor-element-populated\">\n\t\t\t\t\t\t<div class=\"elementor-element elementor-element-0382111 elementor-widget elementor-widget-text-editor\" data-id=\"0382111\" data-element_type=\"widget\" data-e-type=\"widget\" data-widget_type=\"text-editor.default\">\n\t\t\t\t<div class=\"elementor-widget-container\">\n\t\t\t\t\t\t\t\t\t<p><span style=\"color: var( --e-global-color-text ); font-family: var( --e-global-typography-text-font-family ), Sans-serif; font-size: var( --e-global-typography-text-font-size ); letter-spacing: 0px;\">Als internationale Netzwerkplattform ist der ACstyria ein Bindeglied zwischen Wirtschaft, Industrie, Forschung und \u00f6ffentlichen Einrichtungen. Die Vernetzung und Unterst\u00fctzung der steirischen Unternehmen mit internationalen Akteuren der Mobilit\u00e4tsindustrie ist Kernaufgabe des ACstyria.\u00a0<\/span><\/p><p><strong><span style=\"color: var( --e-global-color-text ); font-family: var( --e-global-typography-text-font-family ), Sans-serif; font-size: var( --e-global-typography-text-font-size ); letter-spacing: 0px;\">Internationaler T\u00fcr\u00f6ffner<\/span><\/strong><\/p><p>Der ACstyria unterst\u00fctzt seine Partner bei der internationalen und nationalen Vermarktung seiner Entwicklungen, Produkte und Dienstleistungen. Dazu z\u00e4hlt die Identifizierung wichtiger internationaler Branchenmessen und Veranstaltungen sowie die Organisation gemeinsamer Messeauftritte f\u00fcr KMUs.<\/p>\t\t\t\t\t\t\t\t<\/div>\n\t\t\t\t<\/div>\n\t\t\t\t\t<\/div>\n\t\t<\/div>\n\t\t\t\t<div class=\"elementor-column elementor-col-50 elementor-top-column elementor-element elementor-element-f057c1e\" data-id=\"f057c1e\" data-element_type=\"column\" data-e-type=\"column\">\n\t\t\t<div class=\"elementor-widget-wrap elementor-element-populated\">\n\t\t\t\t\t\t<div class=\"elementor-element elementor-element-a2ee00a elementor-widget elementor-widget-text-editor\" data-id=\"a2ee00a\" data-element_type=\"widget\" data-e-type=\"widget\" data-widget_type=\"text-editor.default\">\n\t\t\t\t<div class=\"elementor-widget-container\">\n\t\t\t\t\t\t\t\t\t<p><strong>Erfolgskommunikation<\/strong><\/p><p>Der ACstyria kommuniziert die internationalen Erfolge seiner Partnerunternehmen und der gesamten Industrie. Dabei wird vor allem die Attraktivit\u00e4t des Standortes f\u00fcr Unternehmen und Arbeitnehmer herausgearbeitet.<\/p><p>&gt;&gt; Hier finden Sie einen \u00dcberblick \u00fcber relevante Fachtagungen und Messen sowie ACstyria Messeauftritte zum\u00a0<a href=\"https:\/\/acstyria.com\/wp-content\/uploads\/Messen-Kongresse-2023-1.pdf\" target=\"_blank\" rel=\"noopener\"><strong>DOWNLOAD<\/strong><\/a>.<\/p><div style=\"font-family: 'Segoe UI', system-ui, 'Apple Color Emoji', 'Segoe UI Emoji', sans-serif;\">\u00a0<\/div>\t\t\t\t\t\t\t\t<\/div>\n\t\t\t\t<\/div>\n\t\t\t\t\t<\/div>\n\t\t<\/div>\n\t\t\t\t\t<\/div>\n\t\t<\/section>\n\t\t\t\t<section class=\"elementor-section elementor-top-section elementor-element elementor-element-5539f34 elementor-section-boxed elementor-section-height-default elementor-section-height-default\" data-id=\"5539f34\" data-element_type=\"section\" data-e-type=\"section\" data-settings=\"{&quot;jet_parallax_layout_list&quot;:[{&quot;jet_parallax_layout_image&quot;:{&quot;url&quot;:&quot;&quot;,&quot;id&quot;:&quot;&quot;,&quot;size&quot;:&quot;&quot;},&quot;_id&quot;:&quot;65a27c3&quot;,&quot;jet_parallax_layout_image_tablet&quot;:{&quot;url&quot;:&quot;&quot;,&quot;id&quot;:&quot;&quot;,&quot;size&quot;:&quot;&quot;},&quot;jet_parallax_layout_image_mobile&quot;:{&quot;url&quot;:&quot;&quot;,&quot;id&quot;:&quot;&quot;,&quot;size&quot;:&quot;&quot;},&quot;jet_parallax_layout_speed&quot;:{&quot;unit&quot;:&quot;%&quot;,&quot;size&quot;:50,&quot;sizes&quot;:[]},&quot;jet_parallax_layout_type&quot;:&quot;scroll&quot;,&quot;jet_parallax_layout_direction&quot;:&quot;1&quot;,&quot;jet_parallax_layout_fx_direction&quot;:null,&quot;jet_parallax_layout_z_index&quot;:&quot;&quot;,&quot;jet_parallax_layout_bg_x&quot;:50,&quot;jet_parallax_layout_bg_x_tablet&quot;:&quot;&quot;,&quot;jet_parallax_layout_bg_x_mobile&quot;:&quot;&quot;,&quot;jet_parallax_layout_bg_y&quot;:50,&quot;jet_parallax_layout_bg_y_tablet&quot;:&quot;&quot;,&quot;jet_parallax_layout_bg_y_mobile&quot;:&quot;&quot;,&quot;jet_parallax_layout_bg_size&quot;:&quot;auto&quot;,&quot;jet_parallax_layout_bg_size_tablet&quot;:&quot;&quot;,&quot;jet_parallax_layout_bg_size_mobile&quot;:&quot;&quot;,&quot;jet_parallax_layout_animation_prop&quot;:&quot;transform&quot;,&quot;jet_parallax_layout_on&quot;:[&quot;desktop&quot;,&quot;tablet&quot;]}]}\">\n\t\t\t\t\t\t<div class=\"elementor-container elementor-column-gap-default\">\n\t\t\t\t\t<div class=\"elementor-column elementor-col-25 elementor-top-column elementor-element elementor-element-e36e012\" data-id=\"e36e012\" data-element_type=\"column\" data-e-type=\"column\" data-settings=\"{&quot;background_background&quot;:&quot;classic&quot;}\">\n\t\t\t<div class=\"elementor-widget-wrap elementor-element-populated\">\n\t\t\t\t\t\t<div class=\"elementor-element elementor-element-35507f6 elementor-position-top elementor-widget elementor-widget-image-box\" data-id=\"35507f6\" data-element_type=\"widget\" data-e-type=\"widget\" data-widget_type=\"image-box.default\">\n\t\t\t\t<div class=\"elementor-widget-container\">\n\t\t\t\t\t<div class=\"elementor-image-box-wrapper\"><figure class=\"elementor-image-box-img\"><a href=\"https:\/\/acstyria.at\/rollenbilder\/technologie-scout-relevanzfilter\/\" tabindex=\"-1\"><img decoding=\"async\" width=\"152\" height=\"76\" src=\"https:\/\/acstyria.com\/wp-content\/uploads\/AC-Styria-Website-Header_Technologiescout_152x76.png\" class=\"elementor-animation-shrink attachment-full size-full wp-image-4148\" alt=\"\" srcset=\"https:\/\/acstyria.com\/wp-content\/uploads\/AC-Styria-Website-Header_Technologiescout_152x76.png 152w, https:\/\/acstyria.com\/wp-content\/uploads\/AC-Styria-Website-Header_Technologiescout_152x76-150x76.png 150w\" sizes=\"(max-width: 152px) 100vw, 152px\" \/><\/a><\/figure><div class=\"elementor-image-box-content\"><p class=\"elementor-image-box-title\"><a href=\"https:\/\/acstyria.at\/rollenbilder\/technologie-scout-relevanzfilter\/\">Technologiescout &amp; Relevanzfilter<\/a><\/p><\/div><\/div>\t\t\t\t<\/div>\n\t\t\t\t<\/div>\n\t\t\t\t\t<\/div>\n\t\t<\/div>\n\t\t\t\t<div class=\"elementor-column elementor-col-25 elementor-top-column elementor-element elementor-element-deaf180\" data-id=\"deaf180\" data-element_type=\"column\" data-e-type=\"column\" data-settings=\"{&quot;background_background&quot;:&quot;classic&quot;}\">\n\t\t\t<div class=\"elementor-widget-wrap elementor-element-populated\">\n\t\t\t\t\t\t<div class=\"elementor-element elementor-element-6fa0613 elementor-position-top elementor-widget elementor-widget-image-box\" data-id=\"6fa0613\" data-element_type=\"widget\" data-e-type=\"widget\" data-widget_type=\"image-box.default\">\n\t\t\t\t<div class=\"elementor-widget-container\">\n\t\t\t\t\t<div class=\"elementor-image-box-wrapper\"><figure class=\"elementor-image-box-img\"><img decoding=\"async\" width=\"152\" height=\"76\" src=\"https:\/\/acstyria.com\/wp-content\/uploads\/AC-Styria-Website-Header_Netzwerkplattform_152x76.png\" class=\"attachment-full size-full wp-image-4150\" alt=\"\" srcset=\"https:\/\/acstyria.com\/wp-content\/uploads\/AC-Styria-Website-Header_Netzwerkplattform_152x76.png 152w, https:\/\/acstyria.com\/wp-content\/uploads\/AC-Styria-Website-Header_Netzwerkplattform_152x76-150x76.png 150w\" sizes=\"(max-width: 152px) 100vw, 152px\" \/><\/figure><div class=\"elementor-image-box-content\"><p class=\"elementor-image-box-title\">Internationale Netzwerkplattform<\/p><\/div><\/div>\t\t\t\t<\/div>\n\t\t\t\t<\/div>\n\t\t\t\t\t<\/div>\n\t\t<\/div>\n\t\t\t\t<div class=\"elementor-column elementor-col-25 elementor-top-column elementor-element elementor-element-a8e61c7\" data-id=\"a8e61c7\" data-element_type=\"column\" data-e-type=\"column\" data-settings=\"{&quot;background_background&quot;:&quot;classic&quot;}\">\n\t\t\t<div class=\"elementor-widget-wrap elementor-element-populated\">\n\t\t\t\t\t\t<div class=\"elementor-element elementor-element-cd7f0f6 elementor-position-top elementor-widget elementor-widget-image-box\" data-id=\"cd7f0f6\" data-element_type=\"widget\" data-e-type=\"widget\" data-widget_type=\"image-box.default\">\n\t\t\t\t<div class=\"elementor-widget-container\">\n\t\t\t\t\t<div class=\"elementor-image-box-wrapper\"><figure class=\"elementor-image-box-img\"><a href=\"https:\/\/acstyria.at\/rollenbilder\/initiator-mobilitaetsleitprojekte\/\" tabindex=\"-1\"><img decoding=\"async\" width=\"152\" height=\"76\" src=\"https:\/\/acstyria.com\/wp-content\/uploads\/AC-Styria-Website-Header_Initiator-Mobilitsaetsleitprojekte_152x76.png\" class=\"elementor-animation-shrink attachment-full size-full wp-image-4151\" alt=\"\" srcset=\"https:\/\/acstyria.com\/wp-content\/uploads\/AC-Styria-Website-Header_Initiator-Mobilitsaetsleitprojekte_152x76.png 152w, https:\/\/acstyria.com\/wp-content\/uploads\/AC-Styria-Website-Header_Initiator-Mobilitsaetsleitprojekte_152x76-150x76.png 150w\" sizes=\"(max-width: 152px) 100vw, 152px\" \/><\/a><\/figure><div class=\"elementor-image-box-content\"><p class=\"elementor-image-box-title\"><a href=\"https:\/\/acstyria.at\/rollenbilder\/initiator-mobilitaetsleitprojekte\/\">Initiator Mobilit\u00e4tsleitprojekte<\/a><\/p><\/div><\/div>\t\t\t\t<\/div>\n\t\t\t\t<\/div>\n\t\t\t\t\t<\/div>\n\t\t<\/div>\n\t\t\t\t<div class=\"elementor-column elementor-col-25 elementor-top-column elementor-element elementor-element-6366d4c\" data-id=\"6366d4c\" data-element_type=\"column\" data-e-type=\"column\" data-settings=\"{&quot;background_background&quot;:&quot;classic&quot;}\">\n\t\t\t<div class=\"elementor-widget-wrap elementor-element-populated\">\n\t\t\t\t\t\t<div class=\"elementor-element elementor-element-c6ba8c5 elementor-position-top elementor-widget elementor-widget-image-box\" data-id=\"c6ba8c5\" data-element_type=\"widget\" data-e-type=\"widget\" data-widget_type=\"image-box.default\">\n\t\t\t\t<div class=\"elementor-widget-container\">\n\t\t\t\t\t<div class=\"elementor-image-box-wrapper\"><figure class=\"elementor-image-box-img\"><a href=\"https:\/\/acstyria.at\/rollenbilder\/impulsgeber-transformationsbegleiter\/\" tabindex=\"-1\"><img loading=\"lazy\" decoding=\"async\" width=\"152\" height=\"76\" src=\"https:\/\/acstyria.com\/wp-content\/uploads\/AC-Styria-Website-Header_Impulsgeber_152x76.png\" class=\"elementor-animation-shrink attachment-full size-full wp-image-4152\" alt=\"\" srcset=\"https:\/\/acstyria.com\/wp-content\/uploads\/AC-Styria-Website-Header_Impulsgeber_152x76.png 152w, https:\/\/acstyria.com\/wp-content\/uploads\/AC-Styria-Website-Header_Impulsgeber_152x76-150x76.png 150w\" sizes=\"(max-width: 152px) 100vw, 152px\" \/><\/a><\/figure><div class=\"elementor-image-box-content\"><p class=\"elementor-image-box-title\"><a href=\"https:\/\/acstyria.at\/rollenbilder\/impulsgeber-transformationsbegleiter\/\">Impulsgeber &amp; Transformationsbegleiter<\/a><\/p><\/div><\/div>\t\t\t\t<\/div>\n\t\t\t\t<\/div>\n\t\t\t\t\t<\/div>\n\t\t<\/div>\n\t\t\t\t\t<\/div>\n\t\t<\/section>\n\t\t\t\t<\/div>\n\t\t","protected":false},"excerpt":{"rendered":"<p>INTERNATIONALE NETZWERKPLATTFORM Als internationale Netzwerkplattform ist der ACstyria ein Bindeglied zwischen Wirtschaft, Industrie, Forschung und \u00f6ffentlichen Einrichtungen. Die Vernetzung und Unterst\u00fctzung der steirischen Unternehmen mit internationalen Akteuren der Mobilit\u00e4tsindustrie ist Kernaufgabe des ACstyria.\u00a0 Internationaler T\u00fcr\u00f6ffner Der ACstyria unterst\u00fctzt seine Partner bei der internationalen und nationalen Vermarktung seiner Entwicklungen, Produkte und Dienstleistungen. Dazu z\u00e4hlt die Identifizierung [&hellip;]<\/p>\n","protected":false},"author":1,"featured_media":0,"parent":1052,"menu_order":2,"comment_status":"closed","ping_status":"closed","template":"elementor_header_footer","meta":{"footnotes":""},"class_list":["post-1059","page","type-page","status-publish","hentry"],"_links":{"self":[{"href":"https:\/\/acstyria.com\/en\/wp-json\/wp\/v2\/pages\/1059","targetHints":{"allow":["GET"]}}],"collection":[{"href":"https:\/\/acstyria.com\/en\/wp-json\/wp\/v2\/pages"}],"about":[{"href":"https:\/\/acstyria.com\/en\/wp-json\/wp\/v2\/types\/page"}],"author":[{"embeddable":true,"href":"https:\/\/acstyria.com\/en\/wp-json\/wp\/v2\/users\/1"}],"replies":[{"embeddable":true,"href":"https:\/\/acstyria.com\/en\/wp-json\/wp\/v2\/comments?post=1059"}],"version-history":[{"count":10,"href":"https:\/\/acstyria.com\/en\/wp-json\/wp\/v2\/pages\/1059\/revisions"}],"predecessor-version":[{"id":8810,"href":"https:\/\/acstyria.com\/en\/wp-json\/wp\/v2\/pages\/1059\/revisions\/8810"}],"up":[{"embeddable":true,"href":"https:\/\/acstyria.com\/en\/wp-json\/wp\/v2\/pages\/1052"}],"wp:attachment":[{"href":"https:\/\/acstyria.com\/en\/wp-json\/wp\/v2\/media?parent=1059"}],"curies":[{"name":"wp","href":"https:\/\/api.w.org\/{rel}","templated":true}]}}