{"id":8558,"date":"2023-03-21T00:55:53","date_gmt":"2023-03-20T23:55:53","guid":{"rendered":"https:\/\/acstyria.com\/?page_id=8558"},"modified":"2024-07-10T11:52:31","modified_gmt":"2024-07-10T09:52:31","slug":"enabling-transformation","status":"publish","type":"page","link":"https:\/\/acstyria.com\/en\/ueber-uns\/enabling-transformation\/","title":{"rendered":"Enabling Transformation"},"content":{"rendered":"\t\t<div data-elementor-type=\"wp-page\" data-elementor-id=\"8558\" class=\"elementor elementor-8558\">\n\t\t\t\t\t\t<section class=\"elementor-section elementor-top-section elementor-element elementor-element-2f920f8 elementor-section-boxed elementor-section-height-default elementor-section-height-default\" data-id=\"2f920f8\" data-element_type=\"section\" data-e-type=\"section\" data-settings=\"{&quot;jet_parallax_layout_list&quot;:[{&quot;jet_parallax_layout_image&quot;:{&quot;url&quot;:&quot;&quot;,&quot;id&quot;:&quot;&quot;,&quot;size&quot;:&quot;&quot;},&quot;_id&quot;:&quot;9235534&quot;,&quot;jet_parallax_layout_image_tablet&quot;:{&quot;url&quot;:&quot;&quot;,&quot;id&quot;:&quot;&quot;,&quot;size&quot;:&quot;&quot;},&quot;jet_parallax_layout_image_mobile&quot;:{&quot;url&quot;:&quot;&quot;,&quot;id&quot;:&quot;&quot;,&quot;size&quot;:&quot;&quot;},&quot;jet_parallax_layout_speed&quot;:{&quot;unit&quot;:&quot;%&quot;,&quot;size&quot;:50,&quot;sizes&quot;:[]},&quot;jet_parallax_layout_type&quot;:&quot;scroll&quot;,&quot;jet_parallax_layout_direction&quot;:&quot;1&quot;,&quot;jet_parallax_layout_fx_direction&quot;:null,&quot;jet_parallax_layout_z_index&quot;:&quot;&quot;,&quot;jet_parallax_layout_bg_x&quot;:50,&quot;jet_parallax_layout_bg_x_tablet&quot;:&quot;&quot;,&quot;jet_parallax_layout_bg_x_mobile&quot;:&quot;&quot;,&quot;jet_parallax_layout_bg_y&quot;:50,&quot;jet_parallax_layout_bg_y_tablet&quot;:&quot;&quot;,&quot;jet_parallax_layout_bg_y_mobile&quot;:&quot;&quot;,&quot;jet_parallax_layout_bg_size&quot;:&quot;auto&quot;,&quot;jet_parallax_layout_bg_size_tablet&quot;:&quot;&quot;,&quot;jet_parallax_layout_bg_size_mobile&quot;:&quot;&quot;,&quot;jet_parallax_layout_animation_prop&quot;:&quot;transform&quot;,&quot;jet_parallax_layout_on&quot;:[&quot;desktop&quot;,&quot;tablet&quot;]}]}\">\n\t\t\t\t\t\t<div class=\"elementor-container elementor-column-gap-default\">\n\t\t\t\t\t<div class=\"elementor-column elementor-col-100 elementor-top-column elementor-element elementor-element-c69442f\" data-id=\"c69442f\" data-element_type=\"column\" data-e-type=\"column\">\n\t\t\t<div class=\"elementor-widget-wrap elementor-element-populated\">\n\t\t\t\t\t\t<div class=\"elementor-element elementor-element-7180558 elementor-widget elementor-widget-spacer\" data-id=\"7180558\" data-element_type=\"widget\" data-e-type=\"widget\" data-widget_type=\"spacer.default\">\n\t\t\t\t<div class=\"elementor-widget-container\">\n\t\t\t\t\t\t\t<div class=\"elementor-spacer\">\n\t\t\t<div class=\"elementor-spacer-inner\"><\/div>\n\t\t<\/div>\n\t\t\t\t\t\t<\/div>\n\t\t\t\t<\/div>\n\t\t\t\t<div class=\"elementor-element elementor-element-71513a4 elementor-widget elementor-widget-heading\" data-id=\"71513a4\" data-element_type=\"widget\" data-e-type=\"widget\" data-widget_type=\"heading.default\">\n\t\t\t\t<div class=\"elementor-widget-container\">\n\t\t\t\t\t<h2 class=\"elementor-heading-title elementor-size-default\">ENABLING TRANSFORMATION<\/h2>\t\t\t\t<\/div>\n\t\t\t\t<\/div>\n\t\t\t\t<div class=\"elementor-element elementor-element-6dbb431 elementor-widget-divider--view-line elementor-widget elementor-widget-divider\" data-id=\"6dbb431\" data-element_type=\"widget\" data-e-type=\"widget\" data-widget_type=\"divider.default\">\n\t\t\t\t<div class=\"elementor-widget-container\">\n\t\t\t\t\t\t\t<div class=\"elementor-divider\">\n\t\t\t<span class=\"elementor-divider-separator\">\n\t\t\t\t\t\t<\/span>\n\t\t<\/div>\n\t\t\t\t\t\t<\/div>\n\t\t\t\t<\/div>\n\t\t\t\t\t<\/div>\n\t\t<\/div>\n\t\t\t\t\t<\/div>\n\t\t<\/section>\n\t\t\t\t<section class=\"elementor-section elementor-top-section elementor-element elementor-element-5fb5feb elementor-section-boxed elementor-section-height-default elementor-section-height-default\" data-id=\"5fb5feb\" data-element_type=\"section\" data-e-type=\"section\" data-settings=\"{&quot;jet_parallax_layout_list&quot;:[{&quot;jet_parallax_layout_image&quot;:{&quot;url&quot;:&quot;&quot;,&quot;id&quot;:&quot;&quot;,&quot;size&quot;:&quot;&quot;},&quot;_id&quot;:&quot;d52a6bf&quot;,&quot;jet_parallax_layout_image_tablet&quot;:{&quot;url&quot;:&quot;&quot;,&quot;id&quot;:&quot;&quot;,&quot;size&quot;:&quot;&quot;},&quot;jet_parallax_layout_image_mobile&quot;:{&quot;url&quot;:&quot;&quot;,&quot;id&quot;:&quot;&quot;,&quot;size&quot;:&quot;&quot;},&quot;jet_parallax_layout_speed&quot;:{&quot;unit&quot;:&quot;%&quot;,&quot;size&quot;:50,&quot;sizes&quot;:[]},&quot;jet_parallax_layout_type&quot;:&quot;scroll&quot;,&quot;jet_parallax_layout_direction&quot;:&quot;1&quot;,&quot;jet_parallax_layout_fx_direction&quot;:null,&quot;jet_parallax_layout_z_index&quot;:&quot;&quot;,&quot;jet_parallax_layout_bg_x&quot;:50,&quot;jet_parallax_layout_bg_x_tablet&quot;:&quot;&quot;,&quot;jet_parallax_layout_bg_x_mobile&quot;:&quot;&quot;,&quot;jet_parallax_layout_bg_y&quot;:50,&quot;jet_parallax_layout_bg_y_tablet&quot;:&quot;&quot;,&quot;jet_parallax_layout_bg_y_mobile&quot;:&quot;&quot;,&quot;jet_parallax_layout_bg_size&quot;:&quot;auto&quot;,&quot;jet_parallax_layout_bg_size_tablet&quot;:&quot;&quot;,&quot;jet_parallax_layout_bg_size_mobile&quot;:&quot;&quot;,&quot;jet_parallax_layout_animation_prop&quot;:&quot;transform&quot;,&quot;jet_parallax_layout_on&quot;:[&quot;desktop&quot;,&quot;tablet&quot;]}]}\">\n\t\t\t\t\t\t<div class=\"elementor-container elementor-column-gap-default\">\n\t\t\t\t\t<div class=\"jet-sticky-column elementor-column elementor-col-50 elementor-top-column elementor-element elementor-element-044a571\" data-jet-settings=\"{&quot;id&quot;:&quot;044a571&quot;,&quot;sticky&quot;:true,&quot;topSpacing&quot;:50,&quot;bottomSpacing&quot;:50,&quot;stickyOn&quot;:[&quot;desktop&quot;,&quot;tablet&quot;],&quot;behavior&quot;:&quot;default&quot;,&quot;zIndex&quot;:1100}\" data-id=\"044a571\" data-element_type=\"column\" data-e-type=\"column\">\n\t\t\t<div class=\"elementor-widget-wrap elementor-element-populated\">\n\t\t\t\t\t\t<div class=\"elementor-element elementor-element-224b075 elementor-widget elementor-widget-image\" data-id=\"224b075\" data-element_type=\"widget\" data-e-type=\"widget\" data-widget_type=\"image.default\">\n\t\t\t\t<div class=\"elementor-widget-container\">\n\t\t\t\t\t\t\t\t\t\t\t\t\t\t\t<img fetchpriority=\"high\" decoding=\"async\" width=\"600\" height=\"126\" src=\"https:\/\/acstyria.com\/wp-content\/uploads\/Logo-Kofinanziert-von-der-Europaeischen-Union-600x126-1.jpg\" class=\"attachment-large size-large wp-image-8623\" alt=\"\" srcset=\"https:\/\/acstyria.com\/wp-content\/uploads\/Logo-Kofinanziert-von-der-Europaeischen-Union-600x126-1.jpg 600w, https:\/\/acstyria.com\/wp-content\/uploads\/Logo-Kofinanziert-von-der-Europaeischen-Union-600x126-1-300x63.jpg 300w, https:\/\/acstyria.com\/wp-content\/uploads\/Logo-Kofinanziert-von-der-Europaeischen-Union-600x126-1-18x4.jpg 18w\" sizes=\"(max-width: 600px) 100vw, 600px\" \/>\t\t\t\t\t\t\t\t\t\t\t\t\t\t\t<\/div>\n\t\t\t\t<\/div>\n\t\t\t\t<div class=\"elementor-element elementor-element-50a3115 elementor-widget elementor-widget-image\" data-id=\"50a3115\" data-element_type=\"widget\" data-e-type=\"widget\" data-widget_type=\"image.default\">\n\t\t\t\t<div class=\"elementor-widget-container\">\n\t\t\t\t\t\t\t\t\t\t\t\t\t\t\t<img decoding=\"async\" width=\"576\" height=\"1024\" src=\"https:\/\/acstyria.com\/wp-content\/uploads\/Enabling-Transformation-Hand-1080x1920-Q80-576x1024.jpg\" class=\"attachment-large size-large wp-image-8560\" alt=\"\" srcset=\"https:\/\/acstyria.com\/wp-content\/uploads\/Enabling-Transformation-Hand-1080x1920-Q80-576x1024.jpg 576w, https:\/\/acstyria.com\/wp-content\/uploads\/Enabling-Transformation-Hand-1080x1920-Q80-169x300.jpg 169w, https:\/\/acstyria.com\/wp-content\/uploads\/Enabling-Transformation-Hand-1080x1920-Q80-768x1365.jpg 768w, https:\/\/acstyria.com\/wp-content\/uploads\/Enabling-Transformation-Hand-1080x1920-Q80-864x1536.jpg 864w, https:\/\/acstyria.com\/wp-content\/uploads\/Enabling-Transformation-Hand-1080x1920-Q80-7x12.jpg 7w, https:\/\/acstyria.com\/wp-content\/uploads\/Enabling-Transformation-Hand-1080x1920-Q80-562x999.jpg 562w, https:\/\/acstyria.com\/wp-content\/uploads\/Enabling-Transformation-Hand-1080x1920-Q80.jpg 1080w\" sizes=\"(max-width: 576px) 100vw, 576px\" \/>\t\t\t\t\t\t\t\t\t\t\t\t\t\t\t<\/div>\n\t\t\t\t<\/div>\n\t\t\t\t\t<\/div>\n\t\t<\/div>\n\t\t\t\t<div class=\"elementor-column elementor-col-50 elementor-top-column elementor-element elementor-element-a614fd9\" data-id=\"a614fd9\" data-element_type=\"column\" data-e-type=\"column\">\n\t\t\t<div class=\"elementor-widget-wrap elementor-element-populated\">\n\t\t\t\t\t\t<div class=\"elementor-element elementor-element-c67335a elementor-widget elementor-widget-text-editor\" data-id=\"c67335a\" data-element_type=\"widget\" data-e-type=\"widget\" data-widget_type=\"text-editor.default\">\n\t\t\t\t<div class=\"elementor-widget-container\">\n\t\t\t\t\t\t\t\t\t<p><b>IHRE F\u00d6RDERUNG F\u00dcR NACHHALTIGKEIT UND DIGITALISIERUNG<\/b><\/p><div class=\"introtext\"><p>Die einzige Konstante im Leben ist die Ver\u00e4nderung. Auch Unternehmen, egal ob Start-Up oder Traditionsbetrieb, m\u00fcssen sich immer wieder auf aktuelle Gegebenheiten einstellen und Strategien adaptieren. Das fordert sie enorm, macht sie aber auch krisensicher und zukunftsfit.<\/p><p>Die Digitalisierung oder auch weitreichende Unternehmens-Transformationen im Sinne der Nachhaltigkeit bieten gro\u00dfe Chancen. Um diese zu nutzen und dabei auch die eine oder andere H\u00fcrde professionell zu meistern, braucht es Unterst\u00fctzung. M\u00f6glichkeiten bietet daf\u00fcr das Projekt &#8222;Enabling Transformation&#8220;. Die Nachhaltigkeitsziele der Vereinten Nationen, die sogenannten SDG\u2019s, sind eine Grundlage, auf denen das F\u00f6rderprojekt beruht. 17 Haupt- und 169 Unterziele, die dabei helfen sollen, die Erde und unser Leben, wie wir es kennen, zu sichern.<\/p><p>Denn die Globalisierung hat die Welt in einem noch nie da gewesenen Ausma\u00df und Tempo ver\u00e4ndert und ungeahnte Entwicklungsm\u00f6glichkeiten geschaffen. Gleichzeitig stellt diese Art der Globalisierung uns Menschen aber vor gewaltige Herausforderungen. Steirische Unternehmen an diese Ver\u00e4nderungen anzupassen und einen Beitrag zu leisten wird immer wichtiger. Denn auch immer mehr Kunden und Partner setzen auf Betriebe, die Nachhaltigkeit ernst nehmen und diese auch leben.<\/p><p><b>Welche Themenbereiche werden gef\u00f6rdert?<\/b><\/p><ul><li>die Entwicklung von ganzheitlichen unternehmerischen Digitalisierungs- oder Nachhaltigkeitsstrategien<\/li><li>der Aufbau, zur Entwicklung oder Optimierung von Prozessen und\/ oder Gesch\u00e4ftsmodellen die zur nachhaltigen bzw. digitalen Transformation des Unternehmens dienen<\/li><li>Aktivit\u00e4ten, die die Verankerung organisationaler und struktureller Digitalisierungs- bzw. Nachhaltigkeitsprozesse im Unternehmen unterst\u00fctzen<\/li><li>Ma\u00dfnahmen, die im Unternehmen Voraussetzungen f\u00fcr die Entwicklung nachhaltiger, zirkul\u00e4rer oder digitaler Produkte und Dienstleistungen schaffen<\/li><li>Aktivit\u00e4ten, die der Vorbereitung von Investitionsprojekten dienen, welche sich aus einer im Rahmen des Projekts entwickelten Nachhaltigkeits- bzw. Digitalisierungsstrategie ergeben<\/li><\/ul><p><b>Wer kann diese F\u00f6rderung beantragen?<\/b><\/p><p>Klein-, mittelst\u00e4ndische aber in Einzelf\u00e4llen auch Gro\u00dfunternehmen sollen von der F\u00f6rderung profitieren. Das Ziel von &#8222;Enabling Transformation&#8220;: Ihr Unternehmen mit digitalen und strukturellen Ver\u00e4nderungen im Bereich der Nachhaltigkeit zukunftsfit zu machen. Damit soll das Erfolgspotential optimal genutzt werden, als Produzent, Dienstleister und verl\u00e4sslicher Partner f\u00fcr Kunden und andere Unternehmen im Mobilit\u00e4tsbereich.<\/p><p><b>Wie viel der Beratungskosten bekomme ich gef\u00f6rdert?<\/b><\/p><p>Im Rahmen des Projektes werden 75% der Beratungsleistungen gef\u00f6rdert, 25% der Beratungskosten werden vom Unternehmen selbst getragen. Eigenleistungen werden nicht gef\u00f6rdert.<\/p><p><b>Hat mein Unternehmen eine realistische Chance gef\u00f6rdert zu werden?<\/b><\/p><p>Ja, nat\u00fcrlich! Eine Vielzahl an Firmen der steirischen Mobilit\u00e4tsindustrie haben sich schon l\u00e4ngst, international einen Namen gemacht. Forschung und Entwicklung und damit verbundene Innovationen sowie Spezialprodukte und Anfertigungen auf h\u00f6chstem Niveau zeichnen sie aus. Mit dem Projekt &#8222;Enabling Transformation&#8220; ist es mit Unterst\u00fctzung von Expertinnen und Experten sowie F\u00f6rdergeldern m\u00f6glich, den n\u00e4chsten Schritt zu gehen und die Themen Nachhaltigkeit und Digitalisierung authentisch und effizient im Unternehmen zu verankern.<\/p><p><b>Ist diese EU-F\u00f6rderung mit gro\u00dfem b\u00fcrokratischem Aufwand verbunden?<\/b><\/p><p>Nein! Die gesamte F\u00f6rderung wird vom ACstyria Mobilit\u00e4tscluster abgewickelt. Erfahrene Mitarbeiter erarbeiten alle notwendigen Schritte in Abstimmung mit Ihnen und \u00fcbernehmen auch alle n\u00f6tigen Formalit\u00e4ten. Sie k\u00f6nnen sich auf die wesentlichen Ziele konzentrieren: wohin Sie ihren Fokus richten wollen, von welchen Ma\u00dfnahmen Ihr Unternehmen profitieren soll und welche nachhaltige Weiterentwicklung Sie mit dem F\u00f6rderprojekt erreichen m\u00f6chten.<\/p><p>\u00a0<\/p><p><b>Ihre Ansprechpartnerin:<\/b><\/p><p><b>Isabella Musger<\/b><\/p><\/div>\t\t\t\t\t\t\t\t<\/div>\n\t\t\t\t<\/div>\n\t\t\t\t<div class=\"elementor-element elementor-element-a2239c6 elementor-icon-list--layout-traditional elementor-list-item-link-full_width elementor-widget elementor-widget-icon-list\" data-id=\"a2239c6\" data-element_type=\"widget\" data-e-type=\"widget\" data-widget_type=\"icon-list.default\">\n\t\t\t\t<div class=\"elementor-widget-container\">\n\t\t\t\t\t\t\t<ul class=\"elementor-icon-list-items\">\n\t\t\t\t\t\t\t<li class=\"elementor-icon-list-item\">\n\t\t\t\t\t\t\t\t\t\t\t<a href=\"tel:+436602906868\">\n\n\t\t\t\t\t\t\t\t\t\t\t\t<span class=\"elementor-icon-list-icon\">\n\t\t\t\t\t\t\t<i aria-hidden=\"true\" class=\"fas fa-mobile-alt\"><\/i>\t\t\t\t\t\t<\/span>\n\t\t\t\t\t\t\t\t\t\t<span class=\"elementor-icon-list-text\">+43 660 610 62 92<\/span>\n\t\t\t\t\t\t\t\t\t\t\t<\/a>\n\t\t\t\t\t\t\t\t\t<\/li>\n\t\t\t\t\t\t\t\t<li class=\"elementor-icon-list-item\">\n\t\t\t\t\t\t\t\t\t\t\t<a href=\"mailto:isabella.musger@acstyria.com\">\n\n\t\t\t\t\t\t\t\t\t\t\t\t<span class=\"elementor-icon-list-icon\">\n\t\t\t\t\t\t\t<i aria-hidden=\"true\" class=\"fas fa-at\"><\/i>\t\t\t\t\t\t<\/span>\n\t\t\t\t\t\t\t\t\t\t<span class=\"elementor-icon-list-text\">isabella.musger@acstyria.com<\/span>\n\t\t\t\t\t\t\t\t\t\t\t<\/a>\n\t\t\t\t\t\t\t\t\t<\/li>\n\t\t\t\t\t\t\t\t<li class=\"elementor-icon-list-item\">\n\t\t\t\t\t\t\t\t\t\t\t<a href=\"https:\/\/enablingtransformation.at\/\" target=\"_blank\">\n\n\t\t\t\t\t\t\t\t\t\t\t\t<span class=\"elementor-icon-list-icon\">\n\t\t\t\t\t\t\t<i aria-hidden=\"true\" class=\"fas fa-link\"><\/i>\t\t\t\t\t\t<\/span>\n\t\t\t\t\t\t\t\t\t\t<span class=\"elementor-icon-list-text\">Enabling Transformation<\/span>\n\t\t\t\t\t\t\t\t\t\t\t<\/a>\n\t\t\t\t\t\t\t\t\t<\/li>\n\t\t\t\t\t\t<\/ul>\n\t\t\t\t\t\t<\/div>\n\t\t\t\t<\/div>\n\t\t\t\t<div class=\"elementor-element elementor-element-44ca66f elementor-widget elementor-widget-spacer\" data-id=\"44ca66f\" data-element_type=\"widget\" data-e-type=\"widget\" data-widget_type=\"spacer.default\">\n\t\t\t\t<div class=\"elementor-widget-container\">\n\t\t\t\t\t\t\t<div class=\"elementor-spacer\">\n\t\t\t<div class=\"elementor-spacer-inner\"><\/div>\n\t\t<\/div>\n\t\t\t\t\t\t<\/div>\n\t\t\t\t<\/div>\n\t\t\t\t<div class=\"elementor-element elementor-element-fc1b439 elementor-widget elementor-widget-text-editor\" data-id=\"fc1b439\" data-element_type=\"widget\" data-e-type=\"widget\" data-widget_type=\"text-editor.default\">\n\t\t\t\t<div class=\"elementor-widget-container\">\n\t\t\t\t\t\t\t\t\t<p><strong>Dieses Projekt wird aus Mitteln des Europ\u00e4ischen Fonds f\u00fcr regionale Entwicklung (EFRE) kofinanziert. <\/strong><strong>N\u00e4here Informationen zu IWB\/EFRE finden Sie auf\u00a0<a href=\"http:\/\/www.efre.gv.at\/\" target=\"_blank\" rel=\"noopener noreferrer\" data-auth=\"NotApplicable\" data-linkindex=\"0\" data-ogsc=\"\">www.efre.gv.at<\/a><\/strong><\/p><p><strong>N\u00e4here Informationen zum Projekt finden Sie auf <a href=\"https:\/\/enablingtransformation.at\" target=\"_blank\" rel=\"noopener\">https:\/\/enablingtransformation.at<\/a>. <\/strong><\/p><p><strong>N\u00e4here Informationen zum F\u00f6rderungsprogramm finden Sie hier <a href=\"https:\/\/www.sfg.at\/f\/die-foerderung-fuer-digitale-kompetenz-und-nachhaltige-unternehmensentwicklung\/\" target=\"_blank\" rel=\"noopener\">SFG Spitzen!Leistung 2022+<\/a>.<\/strong><\/p>\t\t\t\t\t\t\t\t<\/div>\n\t\t\t\t<\/div>\n\t\t\t\t\t<\/div>\n\t\t<\/div>\n\t\t\t\t\t<\/div>\n\t\t<\/section>\n\t\t\t\t<\/div>\n\t\t","protected":false},"excerpt":{"rendered":"<p>ENABLING TRANSFORMATION IHRE F\u00d6RDERUNG F\u00dcR NACHHALTIGKEIT UND DIGITALISIERUNG Die einzige Konstante im Leben ist die Ver\u00e4nderung. Auch Unternehmen, egal ob Start-Up oder Traditionsbetrieb, m\u00fcssen sich immer wieder auf aktuelle Gegebenheiten einstellen und Strategien adaptieren. Das fordert sie enorm, macht sie aber auch krisensicher und zukunftsfit. Die Digitalisierung oder auch weitreichende Unternehmens-Transformationen im Sinne der Nachhaltigkeit [&hellip;]<\/p>\n","protected":false},"author":1,"featured_media":0,"parent":112,"menu_order":6,"comment_status":"closed","ping_status":"closed","template":"elementor_header_footer","meta":{"footnotes":""},"class_list":["post-8558","page","type-page","status-publish","hentry"],"_links":{"self":[{"href":"https:\/\/acstyria.com\/en\/wp-json\/wp\/v2\/pages\/8558","targetHints":{"allow":["GET"]}}],"collection":[{"href":"https:\/\/acstyria.com\/en\/wp-json\/wp\/v2\/pages"}],"about":[{"href":"https:\/\/acstyria.com\/en\/wp-json\/wp\/v2\/types\/page"}],"author":[{"embeddable":true,"href":"https:\/\/acstyria.com\/en\/wp-json\/wp\/v2\/users\/1"}],"replies":[{"embeddable":true,"href":"https:\/\/acstyria.com\/en\/wp-json\/wp\/v2\/comments?post=8558"}],"version-history":[{"count":10,"href":"https:\/\/acstyria.com\/en\/wp-json\/wp\/v2\/pages\/8558\/revisions"}],"predecessor-version":[{"id":10649,"href":"https:\/\/acstyria.com\/en\/wp-json\/wp\/v2\/pages\/8558\/revisions\/10649"}],"up":[{"embeddable":true,"href":"https:\/\/acstyria.com\/en\/wp-json\/wp\/v2\/pages\/112"}],"wp:attachment":[{"href":"https:\/\/acstyria.com\/en\/wp-json\/wp\/v2\/media?parent=8558"}],"curies":[{"name":"wp","href":"https:\/\/api.w.org\/{rel}","templated":true}]}}